{"id":6,"date":"2017-09-28T13:51:01","date_gmt":"2017-09-28T11:51:01","guid":{"rendered":"https:\/\/linxx.net\/newsletter\/index.php\/newsletter\/"},"modified":"2026-03-30T22:33:42","modified_gmt":"2026-03-30T20:33:42","slug":"newsletter","status":"publish","type":"page","link":"https:\/\/linxx.net\/newsletter\/","title":{"rendered":"Newsletter abonnieren:"},"content":{"rendered":"<p><p><div class=\"tnp tnp-subscription \">\n<form method=\"post\" action=\"https:\/\/linxx.net\/newsletter\/wp-admin\/admin-ajax.php?action=tnp&amp;na=s\">\n<input type=\"hidden\" name=\"nlang\" value=\"\">\n<div class=\"tnp-field tnp-field-email\"><label for=\"tnp-1\">Email<\/label>\n<input class=\"tnp-email\" type=\"email\" name=\"ne\" id=\"tnp-1\" value=\"\" placeholder=\"\" required><\/div>\n<div class=\"tnp-field tnp-lists\"><div class=\"tnp-field tnp-field-checkbox tnp-field-list\"><label for=\"nl3\"><input type=\"checkbox\" id=\"nl3\" name=\"nl[]\" value=\"4\" checked> Wohnungspolitischer Newsletter<\/label><\/div>\n<\/div><div class=\"tnp-field tnp-privacy-field\"><label><input type=\"checkbox\" name=\"ny\" required class=\"tnp-privacy\"> <a target=\"_blank\" href=\"https:\/\/jule.linxxnet.de\/index.php\/datenschutzerklaerung\">Mit dem Abonnieren des Newsletters akzeptiere ich die Datenschutzerkl\u00e4rung dieser Seite<\/a><\/label><\/div><div class=\"tnp-field tnp-field-button\" style=\"text-align: left\"><input class=\"tnp-submit\" type=\"submit\" value=\"Anmelden\" style=\"\">\n<\/div>\n<\/form>\n<\/div>\n<\/p><br \/>(Nach Klicken auf den Anmelde-Button, erhaltet ihr eine E-Mail, in der ein Link ist, den ihr best\u00e4tigen m\u00fcsst, erst dann ist die Anmeldung durchgef\u00fchrt.)<\/p>\n<p>\u00a0<\/p>\n\n\n<script src=\"https:\/\/jule.linxxnet.de\/wp-content\/plugins\/advanced-iframe\/js\/ai_external.js\"><\/script>\n","protected":false},"excerpt":{"rendered":"<p>(Nach Klicken auf den Anmelde-Button, erhaltet ihr eine E-Mail, in der ein Link ist, den ihr best\u00e4tigen m\u00fcsst, erst dann ist die Anmeldung durchgef\u00fchrt.) \u00a0<\/p>\n","protected":false},"author":1,"featured_media":0,"parent":0,"menu_order":0,"comment_status":"closed","ping_status":"closed","template":"","meta":{"footnotes":""},"class_list":["post-6","page","type-page","status-publish","hentry"],"_links":{"self":[{"href":"https:\/\/linxx.net\/newsletter\/index.php?rest_route=\/wp\/v2\/pages\/6","targetHints":{"allow":["GET"]}}],"collection":[{"href":"https:\/\/linxx.net\/newsletter\/index.php?rest_route=\/wp\/v2\/pages"}],"about":[{"href":"https:\/\/linxx.net\/newsletter\/index.php?rest_route=\/wp\/v2\/types\/page"}],"author":[{"embeddable":true,"href":"https:\/\/linxx.net\/newsletter\/index.php?rest_route=\/wp\/v2\/users\/1"}],"replies":[{"embeddable":true,"href":"https:\/\/linxx.net\/newsletter\/index.php?rest_route=%2Fwp%2Fv2%2Fcomments&post=6"}],"version-history":[{"count":8,"href":"https:\/\/linxx.net\/newsletter\/index.php?rest_route=\/wp\/v2\/pages\/6\/revisions"}],"predecessor-version":[{"id":76,"href":"https:\/\/linxx.net\/newsletter\/index.php?rest_route=\/wp\/v2\/pages\/6\/revisions\/76"}],"wp:attachment":[{"href":"https:\/\/linxx.net\/newsletter\/index.php?rest_route=%2Fwp%2Fv2%2Fmedia&parent=6"}],"curies":[{"name":"wp","href":"https:\/\/api.w.org\/{rel}","templated":true}]}}